{"id":2066,"date":"2022-11-26T12:21:44","date_gmt":"2022-11-26T11:21:44","guid":{"rendered":"https:\/\/laforgedumorse.be\/?page_id=2066"},"modified":"2025-10-03T01:02:09","modified_gmt":"2025-10-02T23:02:09","slug":"accueil","status":"publish","type":"page","link":"https:\/\/laforgedumorse.be\/","title":{"rendered":"Accueil"},"content":{"rendered":"\n<p class=\"has-text-align-center\">\u2728 <strong>Bienvenue dans mon univers<\/strong> \u2728<\/p>\n\n\n\n<p class=\"has-text-align-center\">Ici, chaque cr\u00e9ation est plus qu\u2019un simple objet : c\u2019est une histoire, une \u00e9motion, une invitation au voyage.<br>\u00c0 travers ce site, je vous ouvre les portes d\u2019un monde o\u00f9 passion et authenticit\u00e9 s\u2019unissent pour donner vie \u00e0 des pi\u00e8ces uniques.<\/p>\n\n\n\n<p class=\"has-text-align-center\">Vous y d\u00e9couvrirez mon travail, ma vision, et une boutique en ligne o\u00f9 chaque article a \u00e9t\u00e9 pens\u00e9 pour durer et inspirer.<\/p>\n\n\n\n<p class=\"has-text-align-center\">Laissez-vous emporter, explorez, et laissez la curiosit\u00e9 vous guider plus loin encore.<\/p>\n\n\n\n<p class=\"has-text-align-center\">\ud83d\ude80 <strong>Le voyage ne fait que commencer.<\/strong><\/p>\n\n\n<div class=\"wp-block-image\">\n<figure class=\"aligncenter size-large\"><img loading=\"lazy\" decoding=\"async\" width=\"1024\" height=\"670\" src=\"https:\/\/laforgedumorse.be\/wp-content\/uploads\/2025\/10\/thumbnail_IMG_3532-1024x670.jpg\" alt=\"\" class=\"wp-image-2312\" srcset=\"https:\/\/laforgedumorse.be\/wp-content\/uploads\/2025\/10\/thumbnail_IMG_3532-1024x670.jpg 1024w, https:\/\/laforgedumorse.be\/wp-content\/uploads\/2025\/10\/thumbnail_IMG_3532-300x196.jpg 300w, https:\/\/laforgedumorse.be\/wp-content\/uploads\/2025\/10\/thumbnail_IMG_3532-770x504.jpg 770w, https:\/\/laforgedumorse.be\/wp-content\/uploads\/2025\/10\/thumbnail_IMG_3532-1536x1006.jpg 1536w, https:\/\/laforgedumorse.be\/wp-content\/uploads\/2025\/10\/thumbnail_IMG_3532-1320x864.jpg 1320w, https:\/\/laforgedumorse.be\/wp-content\/uploads\/2025\/10\/thumbnail_IMG_3532.jpg 1920w\" sizes=\"auto, (max-width: 1024px) 100vw, 1024px\" \/><\/figure><\/div>","protected":false},"excerpt":{"rendered":"<p>\u2728 Bienvenue dans mon univers \u2728 Ici, chaque cr\u00e9ation est plus qu\u2019un simple objet : c\u2019est une histoire, une \u00e9motion, une invitation au voyage.\u00c0 travers ce site, je vous ouvre les portes d\u2019un monde o\u00f9 passion et authenticit\u00e9 s\u2019unissent pour donner vie \u00e0 des pi\u00e8ces uniques. Vous y d\u00e9couvrirez mon travail, ma vision, et une [&hellip;]<\/p>\n","protected":false},"author":1,"featured_media":0,"parent":0,"menu_order":0,"comment_status":"closed","ping_status":"closed","template":"","meta":{"footnotes":""},"class_list":["post-2066","page","type-page","status-publish","hentry"],"jetpack_sharing_enabled":true,"_links":{"self":[{"href":"https:\/\/laforgedumorse.be\/index.php\/wp-json\/wp\/v2\/pages\/2066","targetHints":{"allow":["GET"]}}],"collection":[{"href":"https:\/\/laforgedumorse.be\/index.php\/wp-json\/wp\/v2\/pages"}],"about":[{"href":"https:\/\/laforgedumorse.be\/index.php\/wp-json\/wp\/v2\/types\/page"}],"author":[{"embeddable":true,"href":"https:\/\/laforgedumorse.be\/index.php\/wp-json\/wp\/v2\/users\/1"}],"replies":[{"embeddable":true,"href":"https:\/\/laforgedumorse.be\/index.php\/wp-json\/wp\/v2\/comments?post=2066"}],"version-history":[{"count":12,"href":"https:\/\/laforgedumorse.be\/index.php\/wp-json\/wp\/v2\/pages\/2066\/revisions"}],"predecessor-version":[{"id":2313,"href":"https:\/\/laforgedumorse.be\/index.php\/wp-json\/wp\/v2\/pages\/2066\/revisions\/2313"}],"wp:attachment":[{"href":"https:\/\/laforgedumorse.be\/index.php\/wp-json\/wp\/v2\/media?parent=2066"}],"curies":[{"name":"wp","href":"https:\/\/api.w.org\/{rel}","templated":true}]}}