{"id":2278,"date":"2025-10-02T23:49:02","date_gmt":"2025-10-02T21:49:02","guid":{"rendered":"https:\/\/laforgedumorse.be\/?page_id=2278"},"modified":"2025-10-02T23:49:02","modified_gmt":"2025-10-02T21:49:02","slug":"a-propos-de-nathan","status":"publish","type":"page","link":"https:\/\/laforgedumorse.be\/index.php\/a-propos-de-nathan\/","title":{"rendered":"A propos de Nathan"},"content":{"rendered":"\n<p>Je m\u2019appelle Nathan De Clerck, artisan coutelier et cr\u00e9ateur de lames uniques.Mon parcours n\u2019est pas celui d\u2019un simple forgeron : c\u2019est l\u2019histoire d\u2019une passion qui s\u2019est impos\u00e9e comme une \u00e9vidence.<\/p>\n\n\n\n<p>Depuis toujours, je suis fascin\u00e9 par les couteaux. J\u2019ai commenc\u00e9 par les collectionner, presque compulsivement, comme si chaque pi\u00e8ce que j\u2019ajoutais m\u2019appelait vers un futur que je n\u2019avais pas encore accept\u00e9. Peu \u00e0 peu, cet appel est devenu une certitude : je ne voulais plus seulement admirer des lames, je voulais leur donner vie.<\/p>\n\n\n\n<p>Mais ce choix ne venait pas de nulle part. L\u2019acier et le feu coulent dans mes veines depuis plusieurs g\u00e9n\u00e9rations. Mes anc\u00eatres \u00e9taient forgerons d\u2019outils et de charrues. M\u00eame si la forge familiale a disparu, elle a laiss\u00e9 derri\u00e8re elle des histoires, des gestes, des images qui ont nourri mon imaginaire. Aujourd\u2019hui, chaque lame que je cr\u00e9e est une mani\u00e8re de raviver cette flamme et de r\u00e9inventer cet h\u00e9ritage \u00e0 ma fa\u00e7on.<\/p>\n\n\n\n<p>Mon travail ne se limite pas \u00e0 fa\u00e7onner un couteau. Chaque pi\u00e8ce raconte une histoire, incarne une \u00e9motion, devient un compagnon de vie. Je crois profond\u00e9ment qu\u2019un couteau peut \u00eatre \u00e0 la fois un outil, une \u0153uvre et un symbole.<\/p>\n\n\n\n<p>\u00c0 travers mon atelier, j\u2019ai voulu cr\u00e9er plus qu\u2019un lieu de production : un espace o\u00f9 l\u2019on vient d\u00e9couvrir, ressentir et partager. C\u2019est aussi pour cela que j\u2019ouvre mes portes \u00e0 ceux qui souhaitent vivre l\u2019exp\u00e9rience de la forge, le temps d\u2019un stage. Parce que forger une lame, c\u2019est bien plus que manipuler du m\u00e9tal : c\u2019est apprendre sur soi, se confronter au feu, et repartir transform\u00e9.<\/p>\n\n\n\n<p>Aujourd\u2019hui, <strong>La Forge du Morse<\/strong> est bien plus qu\u2019une marque. C\u2019est un univers.<br>Un univers b\u00e2ti autour de valeurs simples et puissantes : authenticit\u00e9, exigence, partage.<\/p>\n\n\n\n<p>Chaque couteau est une pi\u00e8ce unique.<br>Chaque cr\u00e9ation est une promesse.<br>Et chaque personne qui entre dans mon atelier fait d\u00e9sormais partie de cette histoire.<\/p>\n\n\n\n<p>\u2728 <strong>Forgez vos r\u00eaves. No Man Left Behind.<\/strong> \u2728<\/p>\n\n\n\n<p><\/p>\n","protected":false},"excerpt":{"rendered":"<p>Je m\u2019appelle Nathan De Clerck, artisan coutelier et cr\u00e9ateur de lames uniques.Mon parcours n\u2019est pas celui d\u2019un simple forgeron : c\u2019est l\u2019histoire d\u2019une passion qui s\u2019est impos\u00e9e comme une \u00e9vidence. Depuis toujours, je suis fascin\u00e9 par les couteaux. J\u2019ai commenc\u00e9 par les collectionner, presque compulsivement, comme si chaque pi\u00e8ce que j\u2019ajoutais m\u2019appelait vers un futur [&hellip;]<\/p>\n","protected":false},"author":1,"featured_media":0,"parent":0,"menu_order":0,"comment_status":"closed","ping_status":"closed","template":"","meta":{"footnotes":""},"class_list":["post-2278","page","type-page","status-publish","hentry"],"jetpack_sharing_enabled":true,"_links":{"self":[{"href":"https:\/\/laforgedumorse.be\/index.php\/wp-json\/wp\/v2\/pages\/2278","targetHints":{"allow":["GET"]}}],"collection":[{"href":"https:\/\/laforgedumorse.be\/index.php\/wp-json\/wp\/v2\/pages"}],"about":[{"href":"https:\/\/laforgedumorse.be\/index.php\/wp-json\/wp\/v2\/types\/page"}],"author":[{"embeddable":true,"href":"https:\/\/laforgedumorse.be\/index.php\/wp-json\/wp\/v2\/users\/1"}],"replies":[{"embeddable":true,"href":"https:\/\/laforgedumorse.be\/index.php\/wp-json\/wp\/v2\/comments?post=2278"}],"version-history":[{"count":1,"href":"https:\/\/laforgedumorse.be\/index.php\/wp-json\/wp\/v2\/pages\/2278\/revisions"}],"predecessor-version":[{"id":2280,"href":"https:\/\/laforgedumorse.be\/index.php\/wp-json\/wp\/v2\/pages\/2278\/revisions\/2280"}],"wp:attachment":[{"href":"https:\/\/laforgedumorse.be\/index.php\/wp-json\/wp\/v2\/media?parent=2278"}],"curies":[{"name":"wp","href":"https:\/\/api.w.org\/{rel}","templated":true}]}}