{"id":355,"date":"2020-09-24T17:57:11","date_gmt":"2020-09-24T15:57:11","guid":{"rendered":"https:\/\/laforgedumorse.be\/?page_id=355"},"modified":"2025-10-03T00:19:18","modified_gmt":"2025-10-02T22:19:18","slug":"blog-grid-3","status":"publish","type":"page","link":"https:\/\/laforgedumorse.be\/index.php\/blog-grid-3\/","title":{"rendered":"Mes r\u00e9alisations"},"content":{"rendered":"\n<p>(ces couteaux ne sont plus disponibles)<\/p>\n\n\n\n\t<div id=\"wpbaw-blog-1\" class=\"blogfree-plugin blog-clearfix \">\n\t\n\t\t\t\t<div id=\"post-2107\" class=\"blog type-blog blog-clearfix wpbaw-blog-class blog-col-4 wpbaw-first has-date has-thumb\">\n\t\t\t<div class=\"blog-inner-wrap-view blog-clearfix\">\n\t\t\t\t\t\t\t\t\t<div class=\"blog-thumb\">\n\t\t\t\t\t\t<div class=\"grid-blog-thumb\">\n\t\t\t\t\t\t\t<a href=\"https:\/\/laforgedumorse.be\/index.php\/blog-post\/sestra\/\"><img decoding=\"async\" class=\"wpbaw-blog-img\" src=\"https:\/\/laforgedumorse.be\/wp-content\/uploads\/2022\/12\/IMG_6535-1024x576.jpeg\" alt=\"Sestra\"\/><\/a>\n\t\t\t\t\t\t<\/div>\n\t\t\t\t\t<\/div>\n\t\t\t\t\n\t\t\t\t<div class=\"blog-content\">\n\t\t\t\t\t\t\t\t\t\t\t<div class=\"grid-category-post\">\n\t\t\t\t\t\t\t<a href=\"https:\/\/laforgedumorse.be\/index.php\/blog-category\/blog\/\">Blog<\/a>\t\t\t\t\t\t<\/div>\n\t\t\t\t\t\t\t\t\t\t\t\t\t<div class=\"blog-author\">\n\t\t\t\t\t\t\t\t\t\t\t\t\t\t\t\t\t<span>\n\t\t\t\t\t\t\t\t\t\tPar <a href=\"https:\/\/laforgedumorse.be\/index.php\/author\/admin1460\/\" target=\"_self\">Nathan<\/a>\n\t\t\t\t\t\t\t\t\t<\/span>\n\t\t\t\t\t\t\t\t \/ 17 janvier 2023\t\t\t\t\t\t\t<\/div>\n\t\t\t\t\t\t\n\t\t\t\t\t<div class=\"post-content-text\">\n\t\t\t\t\t\t\t\t\t\t\t\t<h3 class=\"blog-title\"><a href=\"https:\/\/laforgedumorse.be\/index.php\/blog-post\/sestra\/\" rel=\"bookmark\">Sestra<\/a><\/h3>\n\t\t\t\t\t\t\t\t\t\t\t\t<div class=\"blog-content-excerpt\">\n\t\t\t\t\t\t\t\t\t\t\t\t\t\t\t<p class=\"blog-short-content\">Je vous pr\u00e9sente Sestra. C'est un couteau en acier homog\u00e8ne 51 CRV4. Son manche est en bouleau de car\u00e9lie stabilis\u00e9...<\/p>\n\t\t\t\t\t\t\t\t<a href=\"https:\/\/laforgedumorse.be\/index.php\/blog-post\/sestra\/\" class=\"blog-more-link\"> En savoir plus<\/a>\n\t\t\t\t\t\t\t\t\t\t\t\t\t<\/div>\n\t\t\t\t\t\t\t\t\t\t\t<\/div>\n\t\t\t\t<\/div>\n\t\t\t<\/div>\n\t\t<\/div>\n\t\t\t\t<div id=\"post-2094\" class=\"blog type-blog blog-clearfix wpbaw-blog-class blog-col-4 has-date has-thumb\">\n\t\t\t<div class=\"blog-inner-wrap-view blog-clearfix\">\n\t\t\t\t\t\t\t\t\t<div class=\"blog-thumb\">\n\t\t\t\t\t\t<div class=\"grid-blog-thumb\">\n\t\t\t\t\t\t\t<a href=\"https:\/\/laforgedumorse.be\/index.php\/blog-post\/bassan\/\"><img decoding=\"async\" class=\"wpbaw-blog-img\" src=\"https:\/\/laforgedumorse.be\/wp-content\/uploads\/2022\/12\/IMG_6473-1024x824.jpeg\" alt=\"Bassan\"\/><\/a>\n\t\t\t\t\t\t<\/div>\n\t\t\t\t\t<\/div>\n\t\t\t\t\n\t\t\t\t<div class=\"blog-content\">\n\t\t\t\t\t\t\t\t\t\t\t\t<div class=\"blog-author\">\n\t\t\t\t\t\t\t\t\t\t\t\t\t\t\t\t\t<span>\n\t\t\t\t\t\t\t\t\t\tPar <a href=\"https:\/\/laforgedumorse.be\/index.php\/author\/admin1460\/\" target=\"_self\">Nathan<\/a>\n\t\t\t\t\t\t\t\t\t<\/span>\n\t\t\t\t\t\t\t\t \/ 3 janvier 2023\t\t\t\t\t\t\t<\/div>\n\t\t\t\t\t\t\n\t\t\t\t\t<div class=\"post-content-text\">\n\t\t\t\t\t\t\t\t\t\t\t\t<h3 class=\"blog-title\"><a href=\"https:\/\/laforgedumorse.be\/index.php\/blog-post\/bassan\/\" rel=\"bookmark\">Bassan<\/a><\/h3>\n\t\t\t\t\t\t\t\t\t\t\t\t<div class=\"blog-content-excerpt\">\n\t\t\t\t\t\t\t\t\t\t\t\t\t\t\t<p class=\"blog-short-content\">Je vous pr\u00e9sente un couteau exceptionnel tant par sa lame que par son manche. Il s'appelle Bassan; Sa lame est...<\/p>\n\t\t\t\t\t\t\t\t<a href=\"https:\/\/laforgedumorse.be\/index.php\/blog-post\/bassan\/\" class=\"blog-more-link\"> En savoir plus<\/a>\n\t\t\t\t\t\t\t\t\t\t\t\t\t<\/div>\n\t\t\t\t\t\t\t\t\t\t\t<\/div>\n\t\t\t\t<\/div>\n\t\t\t<\/div>\n\t\t<\/div>\n\t\t\t\t<div id=\"post-2100\" class=\"blog type-blog blog-clearfix wpbaw-blog-class blog-col-4 has-date has-thumb\">\n\t\t\t<div class=\"blog-inner-wrap-view blog-clearfix\">\n\t\t\t\t\t\t\t\t\t<div class=\"blog-thumb\">\n\t\t\t\t\t\t<div class=\"grid-blog-thumb\">\n\t\t\t\t\t\t\t<a href=\"https:\/\/laforgedumorse.be\/index.php\/blog-post\/mac\/\"><img decoding=\"async\" class=\"wpbaw-blog-img\" src=\"https:\/\/laforgedumorse.be\/wp-content\/uploads\/2022\/12\/IMG_6491-1024x668.jpeg\" alt=\"Mac\"\/><\/a>\n\t\t\t\t\t\t<\/div>\n\t\t\t\t\t<\/div>\n\t\t\t\t\n\t\t\t\t<div class=\"blog-content\">\n\t\t\t\t\t\t\t\t\t\t\t\t<div class=\"blog-author\">\n\t\t\t\t\t\t\t\t\t\t\t\t\t\t\t\t\t<span>\n\t\t\t\t\t\t\t\t\t\tPar <a href=\"https:\/\/laforgedumorse.be\/index.php\/author\/admin1460\/\" target=\"_self\">Nathan<\/a>\n\t\t\t\t\t\t\t\t\t<\/span>\n\t\t\t\t\t\t\t\t \/ 27 d\u00e9cembre 2022\t\t\t\t\t\t\t<\/div>\n\t\t\t\t\t\t\n\t\t\t\t\t<div class=\"post-content-text\">\n\t\t\t\t\t\t\t\t\t\t\t\t<h3 class=\"blog-title\"><a href=\"https:\/\/laforgedumorse.be\/index.php\/blog-post\/mac\/\" rel=\"bookmark\">Mac<\/a><\/h3>\n\t\t\t\t\t\t\t\t\t\t\t\t<div class=\"blog-content-excerpt\">\n\t\t\t\t\t\t\t\t\t\t\t\t\t\t\t<p class=\"blog-short-content\">Je vous pr\u00e9sente Mac; C'est un couteau en acier damass\u00e9 de 228 couches compos\u00e9 d'acier O2 (90 MCV8) et de...<\/p>\n\t\t\t\t\t\t\t\t<a href=\"https:\/\/laforgedumorse.be\/index.php\/blog-post\/mac\/\" class=\"blog-more-link\"> En savoir plus<\/a>\n\t\t\t\t\t\t\t\t\t\t\t\t\t<\/div>\n\t\t\t\t\t\t\t\t\t\t\t<\/div>\n\t\t\t\t<\/div>\n\t\t\t<\/div>\n\t\t<\/div>\n\t\t\t\t<div id=\"post-2087\" class=\"blog type-blog blog-clearfix wpbaw-blog-class blog-col-4 has-date has-thumb\">\n\t\t\t<div class=\"blog-inner-wrap-view blog-clearfix\">\n\t\t\t\t\t\t\t\t\t<div class=\"blog-thumb\">\n\t\t\t\t\t\t<div class=\"grid-blog-thumb\">\n\t\t\t\t\t\t\t<a href=\"https:\/\/laforgedumorse.be\/index.php\/blog-post\/dunloe\/\"><img decoding=\"async\" class=\"wpbaw-blog-img\" src=\"https:\/\/laforgedumorse.be\/wp-content\/uploads\/2022\/12\/IMG_6485-1024x668.jpeg\" alt=\"Dunloe,\"\/><\/a>\n\t\t\t\t\t\t<\/div>\n\t\t\t\t\t<\/div>\n\t\t\t\t\n\t\t\t\t<div class=\"blog-content\">\n\t\t\t\t\t\t\t\t\t\t\t\t<div class=\"blog-author\">\n\t\t\t\t\t\t\t\t\t\t\t\t\t\t\t\t\t<span>\n\t\t\t\t\t\t\t\t\t\tPar <a href=\"https:\/\/laforgedumorse.be\/index.php\/author\/admin1460\/\" target=\"_self\">Nathan<\/a>\n\t\t\t\t\t\t\t\t\t<\/span>\n\t\t\t\t\t\t\t\t \/ 20 d\u00e9cembre 2022\t\t\t\t\t\t\t<\/div>\n\t\t\t\t\t\t\n\t\t\t\t\t<div class=\"post-content-text\">\n\t\t\t\t\t\t\t\t\t\t\t\t<h3 class=\"blog-title\"><a href=\"https:\/\/laforgedumorse.be\/index.php\/blog-post\/dunloe\/\" rel=\"bookmark\">Dunloe,<\/a><\/h3>\n\t\t\t\t\t\t\t\t\t\t\t\t<div class=\"blog-content-excerpt\">\n\t\t\t\t\t\t\t\t\t\t\t\t\t\t\t<p class=\"blog-short-content\">Je vous pr\u00e9sente un couteau tr\u00e8s particulier pour moi; C'est un couteau que j'ai offert \u00e0 l'amour de ma vie,...<\/p>\n\t\t\t\t\t\t\t\t<a href=\"https:\/\/laforgedumorse.be\/index.php\/blog-post\/dunloe\/\" class=\"blog-more-link\"> En savoir plus<\/a>\n\t\t\t\t\t\t\t\t\t\t\t\t\t<\/div>\n\t\t\t\t\t\t\t\t\t\t\t<\/div>\n\t\t\t\t<\/div>\n\t\t\t<\/div>\n\t\t<\/div>\n\t\t\t\t<div id=\"post-2079\" class=\"blog type-blog blog-clearfix wpbaw-blog-class blog-col-4 wpbaw-first has-date has-thumb\">\n\t\t\t<div class=\"blog-inner-wrap-view blog-clearfix\">\n\t\t\t\t\t\t\t\t\t<div class=\"blog-thumb\">\n\t\t\t\t\t\t<div class=\"grid-blog-thumb\">\n\t\t\t\t\t\t\t<a href=\"https:\/\/laforgedumorse.be\/index.php\/blog-post\/fuji\/\"><img decoding=\"async\" class=\"wpbaw-blog-img\" src=\"https:\/\/laforgedumorse.be\/wp-content\/uploads\/2022\/12\/IMG_6498-1024x628.jpeg\" alt=\"Fuji,\"\/><\/a>\n\t\t\t\t\t\t<\/div>\n\t\t\t\t\t<\/div>\n\t\t\t\t\n\t\t\t\t<div class=\"blog-content\">\n\t\t\t\t\t\t\t\t\t\t\t\t<div class=\"blog-author\">\n\t\t\t\t\t\t\t\t\t\t\t\t\t\t\t\t\t<span>\n\t\t\t\t\t\t\t\t\t\tPar <a href=\"https:\/\/laforgedumorse.be\/index.php\/author\/admin1460\/\" target=\"_self\">Nathan<\/a>\n\t\t\t\t\t\t\t\t\t<\/span>\n\t\t\t\t\t\t\t\t \/ 18 d\u00e9cembre 2022\t\t\t\t\t\t\t<\/div>\n\t\t\t\t\t\t\n\t\t\t\t\t<div class=\"post-content-text\">\n\t\t\t\t\t\t\t\t\t\t\t\t<h3 class=\"blog-title\"><a href=\"https:\/\/laforgedumorse.be\/index.php\/blog-post\/fuji\/\" rel=\"bookmark\">Fuji,<\/a><\/h3>\n\t\t\t\t\t\t\t\t\t\t\t\t<div class=\"blog-content-excerpt\">\n\t\t\t\t\t\t\t\t\t\t\t\t\t\t\t<p class=\"blog-short-content\">Bonjour; Je vous pr\u00e9sente Fuji; Fuji est un couteau taill\u00e9 pour \u00eatre dans sa poche. Sa lame est en acier...<\/p>\n\t\t\t\t\t\t\t\t<a href=\"https:\/\/laforgedumorse.be\/index.php\/blog-post\/fuji\/\" class=\"blog-more-link\"> En savoir plus<\/a>\n\t\t\t\t\t\t\t\t\t\t\t\t\t<\/div>\n\t\t\t\t\t\t\t\t\t\t\t<\/div>\n\t\t\t\t<\/div>\n\t\t\t<\/div>\n\t\t<\/div>\n\t\t\t\t<div id=\"post-1876\" class=\"blog type-blog blog-clearfix wpbaw-blog-class blog-col-4 has-date has-thumb\">\n\t\t\t<div class=\"blog-inner-wrap-view blog-clearfix\">\n\t\t\t\t\t\t\t\t\t<div class=\"blog-thumb\">\n\t\t\t\t\t\t<div class=\"grid-blog-thumb\">\n\t\t\t\t\t\t\t<a href=\"https:\/\/laforgedumorse.be\/index.php\/blog-post\/space-audity\/\"><img decoding=\"async\" class=\"wpbaw-blog-img\" src=\"https:\/\/laforgedumorse.be\/wp-content\/uploads\/2022\/09\/IMG_6694-1024x847.jpeg\" alt=\"Space Audity\"\/><\/a>\n\t\t\t\t\t\t<\/div>\n\t\t\t\t\t<\/div>\n\t\t\t\t\n\t\t\t\t<div class=\"blog-content\">\n\t\t\t\t\t\t\t\t\t\t\t\t<div class=\"blog-author\">\n\t\t\t\t\t\t\t\t\t\t\t\t\t\t\t\t\t<span>\n\t\t\t\t\t\t\t\t\t\tPar <a href=\"https:\/\/laforgedumorse.be\/index.php\/author\/admin1460\/\" target=\"_self\">Nathan<\/a>\n\t\t\t\t\t\t\t\t\t<\/span>\n\t\t\t\t\t\t\t\t \/ 22 septembre 2022\t\t\t\t\t\t\t<\/div>\n\t\t\t\t\t\t\n\t\t\t\t\t<div class=\"post-content-text\">\n\t\t\t\t\t\t\t\t\t\t\t\t<h3 class=\"blog-title\"><a href=\"https:\/\/laforgedumorse.be\/index.php\/blog-post\/space-audity\/\" rel=\"bookmark\">Space Audity<\/a><\/h3>\n\t\t\t\t\t\t\t\t\t\t\t\t<div class=\"blog-content-excerpt\">\n\t\t\t\t\t\t\t\t\t\t\t\t\t\t\t<p class=\"blog-short-content\">Bonjour \u00e0 toutes et \u00e0 tous, Je vous pr\u00e9sente Space Audity, le nom est en hommage \u00e0 ce grand homme...<\/p>\n\t\t\t\t\t\t\t\t<a href=\"https:\/\/laforgedumorse.be\/index.php\/blog-post\/space-audity\/\" class=\"blog-more-link\"> En savoir plus<\/a>\n\t\t\t\t\t\t\t\t\t\t\t\t\t<\/div>\n\t\t\t\t\t\t\t\t\t\t\t<\/div>\n\t\t\t\t<\/div>\n\t\t\t<\/div>\n\t\t<\/div>\n\t\t\t\t<div id=\"post-1867\" class=\"blog type-blog blog-clearfix wpbaw-blog-class blog-col-4 has-date has-thumb\">\n\t\t\t<div class=\"blog-inner-wrap-view blog-clearfix\">\n\t\t\t\t\t\t\t\t\t<div class=\"blog-thumb\">\n\t\t\t\t\t\t<div class=\"grid-blog-thumb\">\n\t\t\t\t\t\t\t<a href=\"https:\/\/laforgedumorse.be\/index.php\/blog-post\/circee\/\"><img decoding=\"async\" class=\"wpbaw-blog-img\" src=\"https:\/\/laforgedumorse.be\/wp-content\/uploads\/2022\/09\/IMG_6701-1024x692.jpeg\" alt=\"Circ\u00e9e\"\/><\/a>\n\t\t\t\t\t\t<\/div>\n\t\t\t\t\t<\/div>\n\t\t\t\t\n\t\t\t\t<div class=\"blog-content\">\n\t\t\t\t\t\t\t\t\t\t\t\t<div class=\"blog-author\">\n\t\t\t\t\t\t\t\t\t\t\t\t\t\t\t\t\t<span>\n\t\t\t\t\t\t\t\t\t\tPar <a href=\"https:\/\/laforgedumorse.be\/index.php\/author\/admin1460\/\" target=\"_self\">Nathan<\/a>\n\t\t\t\t\t\t\t\t\t<\/span>\n\t\t\t\t\t\t\t\t \/ 22 septembre 2022\t\t\t\t\t\t\t<\/div>\n\t\t\t\t\t\t\n\t\t\t\t\t<div class=\"post-content-text\">\n\t\t\t\t\t\t\t\t\t\t\t\t<h3 class=\"blog-title\"><a href=\"https:\/\/laforgedumorse.be\/index.php\/blog-post\/circee\/\" rel=\"bookmark\">Circ\u00e9e<\/a><\/h3>\n\t\t\t\t\t\t\t\t\t\t\t\t<div class=\"blog-content-excerpt\">\n\t\t\t\t\t\t\t\t\t\t\t\t\t\t\t<p class=\"blog-short-content\">Bonjour \u00e0 tous; J'ai le plaisir de vous pr\u00e9senter Circ\u00e9. Ce couteau est forg\u00e9 par mes soins. Le Damas est...<\/p>\n\t\t\t\t\t\t\t\t<a href=\"https:\/\/laforgedumorse.be\/index.php\/blog-post\/circee\/\" class=\"blog-more-link\"> En savoir plus<\/a>\n\t\t\t\t\t\t\t\t\t\t\t\t\t<\/div>\n\t\t\t\t\t\t\t\t\t\t\t<\/div>\n\t\t\t\t<\/div>\n\t\t\t<\/div>\n\t\t<\/div>\n\t\t\t\t<div id=\"post-1854\" class=\"blog type-blog blog-clearfix wpbaw-blog-class blog-col-4 has-date has-thumb\">\n\t\t\t<div class=\"blog-inner-wrap-view blog-clearfix\">\n\t\t\t\t\t\t\t\t\t<div class=\"blog-thumb\">\n\t\t\t\t\t\t<div class=\"grid-blog-thumb\">\n\t\t\t\t\t\t\t<a href=\"https:\/\/laforgedumorse.be\/index.php\/blog-post\/cassiopee\/\"><img decoding=\"async\" class=\"wpbaw-blog-img\" src=\"https:\/\/laforgedumorse.be\/wp-content\/uploads\/2022\/09\/IMG_6654-1024x711.jpeg\" alt=\"Cassiop\u00e9e\"\/><\/a>\n\t\t\t\t\t\t<\/div>\n\t\t\t\t\t<\/div>\n\t\t\t\t\n\t\t\t\t<div class=\"blog-content\">\n\t\t\t\t\t\t\t\t\t\t\t\t<div class=\"blog-author\">\n\t\t\t\t\t\t\t\t\t\t\t\t\t\t\t\t\t<span>\n\t\t\t\t\t\t\t\t\t\tPar <a href=\"https:\/\/laforgedumorse.be\/index.php\/author\/admin1460\/\" target=\"_self\">Nathan<\/a>\n\t\t\t\t\t\t\t\t\t<\/span>\n\t\t\t\t\t\t\t\t \/ 22 septembre 2022\t\t\t\t\t\t\t<\/div>\n\t\t\t\t\t\t\n\t\t\t\t\t<div class=\"post-content-text\">\n\t\t\t\t\t\t\t\t\t\t\t\t<h3 class=\"blog-title\"><a href=\"https:\/\/laforgedumorse.be\/index.php\/blog-post\/cassiopee\/\" rel=\"bookmark\">Cassiop\u00e9e<\/a><\/h3>\n\t\t\t\t\t\t\t\t\t\t\t\t<div class=\"blog-content-excerpt\">\n\t\t\t\t\t\t\t\t\t\t\t\t\t\t\t<p class=\"blog-short-content\">Et voici Cassiop\u00e9e, Cassiop\u00e9e nous descend directement du ciel. Il a \u00e9t\u00e9 g\u00e2t\u00e9 par les dieux. Sa lame est en...<\/p>\n\t\t\t\t\t\t\t\t<a href=\"https:\/\/laforgedumorse.be\/index.php\/blog-post\/cassiopee\/\" class=\"blog-more-link\"> En savoir plus<\/a>\n\t\t\t\t\t\t\t\t\t\t\t\t\t<\/div>\n\t\t\t\t\t\t\t\t\t\t\t<\/div>\n\t\t\t\t<\/div>\n\t\t\t<\/div>\n\t\t<\/div>\n\t\t\t\t<div id=\"post-1847\" class=\"blog type-blog blog-clearfix wpbaw-blog-class blog-col-4 wpbaw-first has-date has-thumb\">\n\t\t\t<div class=\"blog-inner-wrap-view blog-clearfix\">\n\t\t\t\t\t\t\t\t\t<div class=\"blog-thumb\">\n\t\t\t\t\t\t<div class=\"grid-blog-thumb\">\n\t\t\t\t\t\t\t<a href=\"https:\/\/laforgedumorse.be\/index.php\/blog-post\/carcan\/\"><img decoding=\"async\" class=\"wpbaw-blog-img\" src=\"https:\/\/laforgedumorse.be\/wp-content\/uploads\/2022\/09\/IMG_6523-1024x633.jpeg\" alt=\"Carcan\"\/><\/a>\n\t\t\t\t\t\t<\/div>\n\t\t\t\t\t<\/div>\n\t\t\t\t\n\t\t\t\t<div class=\"blog-content\">\n\t\t\t\t\t\t\t\t\t\t\t\t<div class=\"blog-author\">\n\t\t\t\t\t\t\t\t\t\t\t\t\t\t\t\t\t<span>\n\t\t\t\t\t\t\t\t\t\tPar <a href=\"https:\/\/laforgedumorse.be\/index.php\/author\/admin1460\/\" target=\"_self\">Nathan<\/a>\n\t\t\t\t\t\t\t\t\t<\/span>\n\t\t\t\t\t\t\t\t \/ 22 septembre 2022\t\t\t\t\t\t\t<\/div>\n\t\t\t\t\t\t\n\t\t\t\t\t<div class=\"post-content-text\">\n\t\t\t\t\t\t\t\t\t\t\t\t<h3 class=\"blog-title\"><a href=\"https:\/\/laforgedumorse.be\/index.php\/blog-post\/carcan\/\" rel=\"bookmark\">Carcan<\/a><\/h3>\n\t\t\t\t\t\t\t\t\t\t\t\t<div class=\"blog-content-excerpt\">\n\t\t\t\t\t\t\t\t\t\t\t\t\t\t\t<p class=\"blog-short-content\">Je vous pr\u00e9sente Carcan. Ce couteau est en acier homog\u00e8ne\u00e8ne O2. Son anche est en \u00e9b\u00e8ne blanc. Ses intercalaires sont...<\/p>\n\t\t\t\t\t\t\t\t<a href=\"https:\/\/laforgedumorse.be\/index.php\/blog-post\/carcan\/\" class=\"blog-more-link\"> En savoir plus<\/a>\n\t\t\t\t\t\t\t\t\t\t\t\t\t<\/div>\n\t\t\t\t\t\t\t\t\t\t\t<\/div>\n\t\t\t\t<\/div>\n\t\t\t<\/div>\n\t\t<\/div>\n\t\t\t\t<div id=\"post-1840\" class=\"blog type-blog blog-clearfix wpbaw-blog-class blog-col-4 has-date has-thumb\">\n\t\t\t<div class=\"blog-inner-wrap-view blog-clearfix\">\n\t\t\t\t\t\t\t\t\t<div class=\"blog-thumb\">\n\t\t\t\t\t\t<div class=\"grid-blog-thumb\">\n\t\t\t\t\t\t\t<a href=\"https:\/\/laforgedumorse.be\/index.php\/blog-post\/mobidick\/\"><img decoding=\"async\" class=\"wpbaw-blog-img\" src=\"https:\/\/laforgedumorse.be\/wp-content\/uploads\/2022\/09\/IMG_6528-1024x700.jpeg\" alt=\"Mobidick\"\/><\/a>\n\t\t\t\t\t\t<\/div>\n\t\t\t\t\t<\/div>\n\t\t\t\t\n\t\t\t\t<div class=\"blog-content\">\n\t\t\t\t\t\t\t\t\t\t\t\t<div class=\"blog-author\">\n\t\t\t\t\t\t\t\t\t\t\t\t\t\t\t\t\t<span>\n\t\t\t\t\t\t\t\t\t\tPar <a href=\"https:\/\/laforgedumorse.be\/index.php\/author\/admin1460\/\" target=\"_self\">Nathan<\/a>\n\t\t\t\t\t\t\t\t\t<\/span>\n\t\t\t\t\t\t\t\t \/ 22 septembre 2022\t\t\t\t\t\t\t<\/div>\n\t\t\t\t\t\t\n\t\t\t\t\t<div class=\"post-content-text\">\n\t\t\t\t\t\t\t\t\t\t\t\t<h3 class=\"blog-title\"><a href=\"https:\/\/laforgedumorse.be\/index.php\/blog-post\/mobidick\/\" rel=\"bookmark\">Mobidick<\/a><\/h3>\n\t\t\t\t\t\t\t\t\t\t\t\t<div class=\"blog-content-excerpt\">\n\t\t\t\t\t\t\t\t\t\t\t\t\t\t\t<p class=\"blog-short-content\">Je vous pr\u00e9sente Mobidick, C'est un couteau en acier Damass\u00e9 O2(90MCV8) et 15N20 rectiligne de 36 couches. Son manche est...<\/p>\n\t\t\t\t\t\t\t\t<a href=\"https:\/\/laforgedumorse.be\/index.php\/blog-post\/mobidick\/\" class=\"blog-more-link\"> En savoir plus<\/a>\n\t\t\t\t\t\t\t\t\t\t\t\t\t<\/div>\n\t\t\t\t\t\t\t\t\t\t\t<\/div>\n\t\t\t\t<\/div>\n\t\t\t<\/div>\n\t\t<\/div>\n\t\t\t<\/div>\n\t\n\t\t<div class=\"blog_pagination blog-clearfix wpbaw-numeric\">\n\t\t<span aria-current=\"page\" class=\"page-numbers current\">1<\/span>\n<a class=\"page-numbers\" href=\"https:\/\/laforgedumorse.be\/index.php\/wp-json\/wp\/v2\/pages\/355\/page\/2\/#wpbaw-blog-1\">2<\/a>\n<a class=\"page-numbers\" href=\"https:\/\/laforgedumorse.be\/index.php\/wp-json\/wp\/v2\/pages\/355\/page\/3\/#wpbaw-blog-1\">3<\/a>\n<span class=\"page-numbers dots\">\u2026<\/span>\n<a class=\"page-numbers\" href=\"https:\/\/laforgedumorse.be\/index.php\/wp-json\/wp\/v2\/pages\/355\/page\/8\/#wpbaw-blog-1\">8<\/a>\n<a class=\"next page-numbers\" href=\"https:\/\/laforgedumorse.be\/index.php\/wp-json\/wp\/v2\/pages\/355\/page\/2\/#wpbaw-blog-1\">Next &raquo;<\/a>\t<\/div>\n\t\n","protected":false},"excerpt":{"rendered":"<p>(ces couteaux ne sont plus disponibles)<\/p>\n","protected":false},"author":1,"featured_media":0,"parent":0,"menu_order":0,"comment_status":"closed","ping_status":"closed","template":"","meta":{"footnotes":""},"class_list":["post-355","page","type-page","status-publish","hentry"],"jetpack_sharing_enabled":true,"_links":{"self":[{"href":"https:\/\/laforgedumorse.be\/index.php\/wp-json\/wp\/v2\/pages\/355","targetHints":{"allow":["GET"]}}],"collection":[{"href":"https:\/\/laforgedumorse.be\/index.php\/wp-json\/wp\/v2\/pages"}],"about":[{"href":"https:\/\/laforgedumorse.be\/index.php\/wp-json\/wp\/v2\/types\/page"}],"author":[{"embeddable":true,"href":"https:\/\/laforgedumorse.be\/index.php\/wp-json\/wp\/v2\/users\/1"}],"replies":[{"embeddable":true,"href":"https:\/\/laforgedumorse.be\/index.php\/wp-json\/wp\/v2\/comments?post=355"}],"version-history":[{"count":10,"href":"https:\/\/laforgedumorse.be\/index.php\/wp-json\/wp\/v2\/pages\/355\/revisions"}],"predecessor-version":[{"id":2298,"href":"https:\/\/laforgedumorse.be\/index.php\/wp-json\/wp\/v2\/pages\/355\/revisions\/2298"}],"wp:attachment":[{"href":"https:\/\/laforgedumorse.be\/index.php\/wp-json\/wp\/v2\/media?parent=355"}],"curies":[{"name":"wp","href":"https:\/\/api.w.org\/{rel}","templated":true}]}}